{"id":994,"date":"2025-11-26T15:51:54","date_gmt":"2025-11-26T15:51:54","guid":{"rendered":"https:\/\/red-kudu-128459.hostingersite.com\/?page_id=994"},"modified":"2025-12-09T14:46:55","modified_gmt":"2025-12-09T14:46:55","slug":"politica-de-cookies","status":"publish","type":"page","link":"https:\/\/elbaobab.cat\/es\/politica-de-cookies\/","title":{"rendered":"Pol\u00edtica de Cookies"},"content":{"rendered":"<div data-elementor-type=\"wp-page\" data-elementor-id=\"994\" class=\"elementor elementor-994\">\n\t\t\t\t<div class=\"elementor-element elementor-element-a4e707f e-flex e-con-boxed e-con e-parent\" data-id=\"a4e707f\" data-element_type=\"container\" data-e-type=\"container\">\n\t\t\t\t\t<div class=\"e-con-inner\">\n\t\t\t\t<div class=\"elementor-element elementor-element-3188a64 elementor-widget elementor-widget-heading\" data-id=\"3188a64\" data-element_type=\"widget\" data-e-type=\"widget\" data-widget_type=\"heading.default\">\n\t\t\t\t\t<h2 class=\"elementor-heading-title elementor-size-default\">Pol\u00edtica de Cookies \u2013 El Baobab<\/h2>\t\t\t\t<\/div>\n\t\t\t\t\t<\/div>\n\t\t\t\t<\/div>\n\t\t<div class=\"elementor-element elementor-element-660fbb6 e-flex e-con-boxed e-con e-parent\" data-id=\"660fbb6\" data-element_type=\"container\" data-e-type=\"container\">\n\t\t\t\t\t<div class=\"e-con-inner\">\n\t\t\t\t<div class=\"elementor-element elementor-element-a6f7620 elementor-widget-divider--view-line elementor-widget elementor-widget-divider\" data-id=\"a6f7620\" data-element_type=\"widget\" data-e-type=\"widget\" data-widget_type=\"divider.default\">\n\t\t\t\t\t\t\t<div class=\"elementor-divider\">\n\t\t\t<span class=\"elementor-divider-separator\">\n\t\t\t\t\t\t<\/span>\n\t\t<\/div>\n\t\t\t\t\t\t<\/div>\n\t\t\t\t<div class=\"elementor-element elementor-element-747b696 elementor-widget elementor-widget-text-editor\" data-id=\"747b696\" data-element_type=\"widget\" data-e-type=\"widget\" data-widget_type=\"text-editor.default\">\n\t\t\t\t\t\t\t\t\t<p data-start=\"3124\" data-end=\"3238\">Aquesta Pol\u00edtica explica qu\u00e8 s\u00f3n les cookies, quin tipus utilitza El Baobab i com poden gestionar-les els usuaris.<\/p><h3 data-start=\"3240\" data-end=\"3268\"><strong data-start=\"3244\" data-end=\"3268\">Qu\u00e8 s\u00f3n les cookies?<\/strong><\/h3><p data-start=\"3269\" data-end=\"3401\">S\u00f3n petits fitxers que es desen al dispositiu de l\u2019usuari mentre navega pel lloc web i que permeten recordar determinada informaci\u00f3.<\/p><h3 data-start=\"3403\" data-end=\"3439\"><strong data-start=\"3407\" data-end=\"3439\">Tipus de cookies utilitzades<\/strong><\/h3><ul data-start=\"3440\" data-end=\"3765\"><li data-start=\"3440\" data-end=\"3516\"><p data-start=\"3442\" data-end=\"3516\"><strong data-start=\"3442\" data-end=\"3464\">Cookies t\u00e8cniques:<\/strong> imprescindibles per al funcionament del Lloc Web.<\/p><\/li><li data-start=\"3517\" data-end=\"3597\"><p data-start=\"3519\" data-end=\"3597\"><strong data-start=\"3519\" data-end=\"3550\">Cookies de personalitzaci\u00f3:<\/strong> permeten recordar prefer\u00e8ncies de navegaci\u00f3.<\/p><\/li><li data-start=\"3598\" data-end=\"3686\"><p data-start=\"3600\" data-end=\"3686\"><strong data-start=\"3600\" data-end=\"3624\">Cookies anal\u00edtiques:<\/strong> permeten analitzar l\u2019\u00fas del lloc (p. ex. Google Analytics).<\/p><\/li><li data-start=\"3687\" data-end=\"3765\"><p data-start=\"3689\" data-end=\"3765\"><strong data-start=\"3689\" data-end=\"3712\">Cookies de tercers:<\/strong> instal\u00b7lades per serveis externs integrats a la web.<\/p><\/li><\/ul><h3 data-start=\"3767\" data-end=\"3792\"><strong data-start=\"3771\" data-end=\"3792\">Gesti\u00f3 de cookies<\/strong><\/h3><p data-start=\"3793\" data-end=\"3946\">L\u2019usuari pot acceptar o rebutjar les cookies no essencials mitjan\u00e7ant el banner de configuraci\u00f3, aix\u00ed com modificar les prefer\u00e8ncies en qualsevol moment.<\/p><p data-start=\"3948\" data-end=\"4114\">Tamb\u00e9 pot eliminar o bloquejar les cookies des del navegador (Chrome, Firefox, Safari, Edge\u2026). Per fer-ho, cal consultar la configuraci\u00f3 espec\u00edfica de cada navegador.<\/p><h3 data-start=\"4116\" data-end=\"4142\"><strong data-start=\"4120\" data-end=\"4142\">Cookies de tercers<\/strong><\/h3><p data-start=\"4143\" data-end=\"4281\">El lloc pot utilitzar eines externes com Google Analytics o complements de xarxes socials, que poden instal\u00b7lar les seves pr\u00f2pies cookies.<\/p><h3 data-start=\"4283\" data-end=\"4319\"><strong data-start=\"4287\" data-end=\"4319\">Actualitzaci\u00f3 de la pol\u00edtica<\/strong><\/h3><p data-start=\"4320\" data-end=\"4408\">El Baobab podr\u00e0 modificar aquesta Pol\u00edtica de Cookies sempre que ho consideri necessari.<\/p>\t\t\t\t\t\t\t\t<\/div>\n\t\t\t\t\t<\/div>\n\t\t\t\t<\/div>\n\t\t\t\t<\/div>","protected":false},"excerpt":{"rendered":"<p>Pol\u00edtica de Cookies \u2013 El Baobab Aquesta Pol\u00edtica explica qu\u00e8 s\u00f3n les cookies, quin tipus utilitza El Baobab i com poden gestionar-les els usuaris. Qu\u00e8 s\u00f3n les cookies? S\u00f3n petits fitxers que es desen al dispositiu de l\u2019usuari mentre navega pel lloc web i que permeten recordar determinada informaci\u00f3. Tipus de cookies utilitzades Cookies t\u00e8cniques: [&hellip;]<\/p>","protected":false},"author":3,"featured_media":0,"parent":0,"menu_order":0,"comment_status":"closed","ping_status":"closed","template":"","meta":{"footnotes":""},"class_list":["post-994","page","type-page","status-publish","hentry"],"_hostinger_reach_plugin_has_subscription_block":false,"_hostinger_reach_plugin_is_elementor":false,"_links":{"self":[{"href":"https:\/\/elbaobab.cat\/es\/wp-json\/wp\/v2\/pages\/994","targetHints":{"allow":["GET"]}}],"collection":[{"href":"https:\/\/elbaobab.cat\/es\/wp-json\/wp\/v2\/pages"}],"about":[{"href":"https:\/\/elbaobab.cat\/es\/wp-json\/wp\/v2\/types\/page"}],"author":[{"embeddable":true,"href":"https:\/\/elbaobab.cat\/es\/wp-json\/wp\/v2\/users\/3"}],"replies":[{"embeddable":true,"href":"https:\/\/elbaobab.cat\/es\/wp-json\/wp\/v2\/comments?post=994"}],"version-history":[{"count":7,"href":"https:\/\/elbaobab.cat\/es\/wp-json\/wp\/v2\/pages\/994\/revisions"}],"predecessor-version":[{"id":1198,"href":"https:\/\/elbaobab.cat\/es\/wp-json\/wp\/v2\/pages\/994\/revisions\/1198"}],"wp:attachment":[{"href":"https:\/\/elbaobab.cat\/es\/wp-json\/wp\/v2\/media?parent=994"}],"curies":[{"name":"wp","href":"https:\/\/api.w.org\/{rel}","templated":true}]}}