{"id":984,"date":"2025-11-26T15:47:20","date_gmt":"2025-11-26T15:47:20","guid":{"rendered":"https:\/\/red-kudu-128459.hostingersite.com\/?page_id=984"},"modified":"2025-12-09T14:48:55","modified_gmt":"2025-12-09T14:48:55","slug":"avis-legal-2","status":"publish","type":"page","link":"https:\/\/elbaobab.cat\/es\/avis-legal-2\/","title":{"rendered":"Av\u00eds Legal"},"content":{"rendered":"<div data-elementor-type=\"wp-page\" data-elementor-id=\"984\" class=\"elementor elementor-984\">\n\t\t\t\t<div class=\"elementor-element elementor-element-3fe6142 e-flex e-con-boxed e-con e-parent\" data-id=\"3fe6142\" data-element_type=\"container\" data-e-type=\"container\">\n\t\t\t\t\t<div class=\"e-con-inner\">\n\t\t\t\t<div class=\"elementor-element elementor-element-ffbaaed elementor-widget elementor-widget-heading\" data-id=\"ffbaaed\" data-element_type=\"widget\" data-e-type=\"widget\" data-widget_type=\"heading.default\">\n\t\t\t\t\t<h2 class=\"elementor-heading-title elementor-size-default\">Av\u00eds Legal \u2013 El Baobab <\/h2>\t\t\t\t<\/div>\n\t\t\t\t\t<\/div>\n\t\t\t\t<\/div>\n\t\t<div class=\"elementor-element elementor-element-cd0aa85 e-flex e-con-boxed e-con e-parent\" data-id=\"cd0aa85\" data-element_type=\"container\" data-e-type=\"container\">\n\t\t\t\t\t<div class=\"e-con-inner\">\n\t\t\t\t<div class=\"elementor-element elementor-element-033e3a7 elementor-widget-divider--view-line elementor-widget elementor-widget-divider\" data-id=\"033e3a7\" data-element_type=\"widget\" data-e-type=\"widget\" data-widget_type=\"divider.default\">\n\t\t\t\t\t\t\t<div class=\"elementor-divider\">\n\t\t\t<span class=\"elementor-divider-separator\">\n\t\t\t\t\t\t<\/span>\n\t\t<\/div>\n\t\t\t\t\t\t<\/div>\n\t\t\t\t<div class=\"elementor-element elementor-element-19d9c9a elementor-widget elementor-widget-text-editor\" data-id=\"19d9c9a\" data-element_type=\"widget\" data-e-type=\"widget\" data-widget_type=\"text-editor.default\">\n\t\t\t\t\t\t\t\t\t<p data-start=\"334\" data-end=\"508\"><strong data-start=\"334\" data-end=\"358\">Titular del lloc web<\/strong><br data-start=\"358\" data-end=\"361\" \/>D\u2019acord amb el que estableix la normativa vigent, s\u2019informa que el lloc web <strong data-start=\"437\" data-end=\"457\">El Baobab Girona<\/strong> (d\u2019ara endavant, \u201cel Lloc Web\u201d) \u00e9s titularitat de:<\/p><ul data-start=\"510\" data-end=\"673\"><li data-start=\"510\" data-end=\"542\"><p data-start=\"512\" data-end=\"542\"><strong data-start=\"512\" data-end=\"530\">Nom comercial:<\/strong> El Baobab<\/p><\/li><li data-start=\"543\" data-end=\"578\"><p data-start=\"545\" data-end=\"578\"><strong data-start=\"545\" data-end=\"558\">Ubicaci\u00f3: <\/strong>Carrer Juli Garreta, 1, 1-C, 17002 BAOBAB, Girona<\/p><\/li><li data-start=\"579\" data-end=\"636\"><p data-start=\"581\" data-end=\"636\"><strong data-start=\"581\" data-end=\"615\">Correu electr\u00f2nic de contacte:<\/strong> info@elbaobab.cat\u00a0<\/p><\/li><li data-start=\"637\" data-end=\"673\"><p data-start=\"639\" data-end=\"673\"><strong data-start=\"639\" data-end=\"651\">Tel\u00e8fon: <\/strong>656 906 630<\/p><\/li><\/ul><p data-start=\"675\" data-end=\"827\"><strong data-start=\"675\" data-end=\"686\">Objecte<\/strong><br data-start=\"686\" data-end=\"689\" \/>El present Av\u00eds Legal regula l\u2019acc\u00e9s, la navegaci\u00f3 i l\u2019\u00fas del Lloc Web. L\u2019acc\u00e9s implica l\u2019acceptaci\u00f3 sense reserves d\u2019aquestes condicions.<\/p><p data-start=\"829\" data-end=\"1080\"><strong data-start=\"829\" data-end=\"869\">Propietat intel\u00b7lectual i industrial<\/strong><br data-start=\"869\" data-end=\"872\" \/>Tots els continguts del Lloc Web (textos, imatges, logotips, dissenys, etc.) s\u00f3n propietat d\u2019El Baobab o de tercers que han autoritzat el seu \u00fas. En queda prohibida la reproducci\u00f3 sense autoritzaci\u00f3 expressa.<\/p><p data-start=\"1082\" data-end=\"1244\"><strong data-start=\"1082\" data-end=\"1113\">Responsabilitat de l\u2019usuari<\/strong><br data-start=\"1113\" data-end=\"1116\" \/>L\u2019usuari es compromet a fer un \u00fas adequat del Lloc Web, evitant activitats il\u00b7l\u00edcites o que puguin malmetre el seu funcionament.<\/p><p data-start=\"1246\" data-end=\"1437\"><strong data-start=\"1246\" data-end=\"1277\">Responsabilitat del titular<\/strong><br data-start=\"1277\" data-end=\"1280\" \/>El Baobab no es fa responsable dels possibles danys derivats d\u2019un \u00fas incorrecte del Lloc Web ni de la pres\u00e8ncia de programari malici\u00f3s introdu\u00eft per tercers.<\/p><p data-start=\"1439\" data-end=\"1543\"><strong data-start=\"1439\" data-end=\"1463\">Legislaci\u00f3 aplicable<\/strong><br data-start=\"1463\" data-end=\"1466\" \/>Aquest Av\u00eds Legal es regeix per la legislaci\u00f3 espanyola i catalana aplicable.<\/p>\t\t\t\t\t\t\t\t<\/div>\n\t\t\t\t\t<\/div>\n\t\t\t\t<\/div>\n\t\t\t\t<\/div>","protected":false},"excerpt":{"rendered":"<p>Av\u00eds Legal \u2013 El Baobab Titular del lloc webD\u2019acord amb el que estableix la normativa vigent, s\u2019informa que el lloc web El Baobab Girona (d\u2019ara endavant, \u201cel Lloc Web\u201d) \u00e9s titularitat de: Nom comercial: El Baobab Ubicaci\u00f3: Carrer Juli Garreta, 1, 1-C, 17002 BAOBAB, Girona Correu electr\u00f2nic de contacte: info@elbaobab.cat\u00a0 Tel\u00e8fon: 656 906 630 ObjecteEl [&hellip;]<\/p>","protected":false},"author":3,"featured_media":0,"parent":0,"menu_order":0,"comment_status":"closed","ping_status":"closed","template":"","meta":{"footnotes":""},"class_list":["post-984","page","type-page","status-publish","hentry"],"_hostinger_reach_plugin_has_subscription_block":false,"_hostinger_reach_plugin_is_elementor":false,"_links":{"self":[{"href":"https:\/\/elbaobab.cat\/es\/wp-json\/wp\/v2\/pages\/984","targetHints":{"allow":["GET"]}}],"collection":[{"href":"https:\/\/elbaobab.cat\/es\/wp-json\/wp\/v2\/pages"}],"about":[{"href":"https:\/\/elbaobab.cat\/es\/wp-json\/wp\/v2\/types\/page"}],"author":[{"embeddable":true,"href":"https:\/\/elbaobab.cat\/es\/wp-json\/wp\/v2\/users\/3"}],"replies":[{"embeddable":true,"href":"https:\/\/elbaobab.cat\/es\/wp-json\/wp\/v2\/comments?post=984"}],"version-history":[{"count":11,"href":"https:\/\/elbaobab.cat\/es\/wp-json\/wp\/v2\/pages\/984\/revisions"}],"predecessor-version":[{"id":1201,"href":"https:\/\/elbaobab.cat\/es\/wp-json\/wp\/v2\/pages\/984\/revisions\/1201"}],"wp:attachment":[{"href":"https:\/\/elbaobab.cat\/es\/wp-json\/wp\/v2\/media?parent=984"}],"curies":[{"name":"wp","href":"https:\/\/api.w.org\/{rel}","templated":true}]}}