{"id":973,"date":"2025-11-26T15:44:07","date_gmt":"2025-11-26T15:44:07","guid":{"rendered":"https:\/\/red-kudu-128459.hostingersite.com\/?page_id=973"},"modified":"2025-12-09T14:45:52","modified_gmt":"2025-12-09T14:45:52","slug":"avis-legal","status":"publish","type":"page","link":"https:\/\/elbaobab.cat\/es\/avis-legal\/","title":{"rendered":"Pol\u00edtica de Privacitat"},"content":{"rendered":"<div data-elementor-type=\"wp-page\" data-elementor-id=\"973\" class=\"elementor elementor-973\">\n\t\t\t\t<div class=\"elementor-element elementor-element-164fad3 e-flex e-con-boxed e-con e-parent\" data-id=\"164fad3\" data-element_type=\"container\" data-e-type=\"container\">\n\t\t\t\t\t<div class=\"e-con-inner\">\n\t\t\t\t<div class=\"elementor-element elementor-element-a917dbc elementor-widget elementor-widget-heading\" data-id=\"a917dbc\" data-element_type=\"widget\" data-e-type=\"widget\" data-widget_type=\"heading.default\">\n\t\t\t\t\t<h2 class=\"elementor-heading-title elementor-size-default\">Pol\u00edtica de Privacitat \u2013 El Baobab Girona<\/h2>\t\t\t\t<\/div>\n\t\t\t\t\t<\/div>\n\t\t\t\t<\/div>\n\t\t<div class=\"elementor-element elementor-element-2cd62e1 e-flex e-con-boxed e-con e-parent\" data-id=\"2cd62e1\" data-element_type=\"container\" data-e-type=\"container\">\n\t\t\t\t\t<div class=\"e-con-inner\">\n\t\t\t\t<div class=\"elementor-element elementor-element-67cc642 elementor-widget-divider--view-line elementor-widget elementor-widget-divider\" data-id=\"67cc642\" data-element_type=\"widget\" data-e-type=\"widget\" data-widget_type=\"divider.default\">\n\t\t\t\t\t\t\t<div class=\"elementor-divider\">\n\t\t\t<span class=\"elementor-divider-separator\">\n\t\t\t\t\t\t<\/span>\n\t\t<\/div>\n\t\t\t\t\t\t<\/div>\n\t\t\t\t<div class=\"elementor-element elementor-element-60714b8 elementor-widget elementor-widget-text-editor\" data-id=\"60714b8\" data-element_type=\"widget\" data-e-type=\"widget\" data-widget_type=\"text-editor.default\">\n\t\t\t\t\t\t\t\t\t<p data-start=\"209\" data-end=\"388\"><span data-start=\"209\" data-end=\"388\">En compliment del Reglament (UE) 2016\/679 (RGPD) i la Llei Org\u00e0nica 3\/2018 (LOPDGDD), El Baobab informa sobre el tractament de dades personals realitzat a trav\u00e9s del Lloc Web.<\/span><\/p>\n<h3><strong data-start=\"390\" data-end=\"420\">Responsable del tractament<\/strong><\/h3>\n<p data-start=\"422\" data-end=\"534\">Responsable: El Baobab<br data-start=\"444\" data-end=\"447\">Adre\u00e7a: Carrer Juli Garreta, 1, 1-C, 17002 BAOBAB, Girona<br data-start=\"504\" data-end=\"507\">Contacte: <a class=\"decorated-link cursor-pointer\" rel=\"noopener\" data-start=\"517\" data-end=\"534\">info@elbaobab.cat<\/a><\/p>\n<h3 data-start=\"536\" data-end=\"556\"><strong data-start=\"536\" data-end=\"556\">Dades recollides<\/strong><\/h3>\n<p data-start=\"558\" data-end=\"574\">Podem recopilar:<\/p>\n<p data-start=\"576\" data-end=\"780\">Dades de contacte (nom, correu electr\u00f2nic, tel\u00e8fon).<br data-start=\"628\" data-end=\"631\">Informaci\u00f3 enviada a trav\u00e9s de formularis de contacte o sol\u00b7licituds.<br data-start=\"700\" data-end=\"703\">Dades de navegaci\u00f3 obtingudes mitjan\u00e7ant cookies (vegeu Pol\u00edtica de Cookies).<\/p>\n<h3 data-start=\"782\" data-end=\"811\"><strong data-start=\"782\" data-end=\"811\">Finalitats del tractament<\/strong><\/h3>\n<p data-start=\"813\" data-end=\"1011\">Respondre consultes o sol\u00b7licituds d\u2019informaci\u00f3.<br data-start=\"861\" data-end=\"864\">Gestionar reserves o serveis sol\u00b7licitats.<br data-start=\"906\" data-end=\"909\">Enviar comunicacions comercials, si l\u2019usuari ho autoritza.<br data-start=\"967\" data-end=\"970\">Millorar l\u2019experi\u00e8ncia d\u2019\u00fas del Lloc Web.<\/p>\n<h3 data-start=\"1013\" data-end=\"1028\"><strong data-start=\"1013\" data-end=\"1028\">Legitimaci\u00f3<\/strong><\/h3>\n<p data-start=\"1030\" data-end=\"1047\">La base legal \u00e9s:<\/p>\n<p data-start=\"1049\" data-end=\"1175\">El consentiment de l\u2019usuari.<br data-start=\"1077\" data-end=\"1080\">L\u2019execuci\u00f3 d\u2019un contracte o mesures precontractuals.<br data-start=\"1132\" data-end=\"1135\">L\u2019inter\u00e8s leg\u00edtim de millora del servei.<\/p>\n<h3 data-start=\"1177\" data-end=\"1193\"><strong data-start=\"1177\" data-end=\"1193\">Destinataris<\/strong><\/h3>\n<p data-start=\"1195\" data-end=\"1345\">No es cediran dades a tercers excepte obligaci\u00f3 legal o necessitat per a la prestaci\u00f3 de serveis (prove\u00efdors t\u00e8cnics, hosting, eines de correu, etc.).<\/p>\n<h3 data-start=\"1347\" data-end=\"1369\"><strong data-start=\"1347\" data-end=\"1369\">Drets dels usuaris<\/strong><\/h3>\n<p data-start=\"1371\" data-end=\"1522\">Els usuaris poden exercir els drets d\u2019acc\u00e9s, rectificaci\u00f3, supressi\u00f3, oposici\u00f3, limitaci\u00f3 i portabilitat enviant una sol\u00b7licitud a:<br data-start=\"1502\" data-end=\"1505\"><a class=\"decorated-link cursor-pointer\" rel=\"noopener\" data-start=\"1505\" data-end=\"1522\">info@elbaobab.cat<\/a><\/p>\n<h3 data-start=\"1524\" data-end=\"1552\"><strong data-start=\"1524\" data-end=\"1552\">Conservaci\u00f3 de les dades<\/strong><\/h3>\n<p data-start=\"1554\" data-end=\"1674\">Les dades es conservaran el temps necessari per a la finalitat recollida o fins que l\u2019usuari en sol\u00b7liciti la supressi\u00f3.<\/p>\t\t\t\t\t\t\t\t<\/div>\n\t\t\t\t\t<\/div>\n\t\t\t\t<\/div>\n\t\t\t\t<\/div>","protected":false},"excerpt":{"rendered":"<p>Pol\u00edtica de Privacitat \u2013 El Baobab Girona En compliment del Reglament (UE) 2016\/679 (RGPD) i la Llei Org\u00e0nica 3\/2018 (LOPDGDD), El Baobab informa sobre el tractament de dades personals realitzat a trav\u00e9s del Lloc Web. Responsable del tractament Responsable: El BaobabAdre\u00e7a: Carrer Juli Garreta, 1, 1-C, 17002 BAOBAB, GironaContacte: info@elbaobab.cat Dades recollides Podem recopilar: Dades [&hellip;]<\/p>","protected":false},"author":3,"featured_media":0,"parent":0,"menu_order":0,"comment_status":"closed","ping_status":"closed","template":"","meta":{"footnotes":""},"class_list":["post-973","page","type-page","status-publish","hentry"],"_hostinger_reach_plugin_has_subscription_block":false,"_hostinger_reach_plugin_is_elementor":false,"_links":{"self":[{"href":"https:\/\/elbaobab.cat\/es\/wp-json\/wp\/v2\/pages\/973","targetHints":{"allow":["GET"]}}],"collection":[{"href":"https:\/\/elbaobab.cat\/es\/wp-json\/wp\/v2\/pages"}],"about":[{"href":"https:\/\/elbaobab.cat\/es\/wp-json\/wp\/v2\/types\/page"}],"author":[{"embeddable":true,"href":"https:\/\/elbaobab.cat\/es\/wp-json\/wp\/v2\/users\/3"}],"replies":[{"embeddable":true,"href":"https:\/\/elbaobab.cat\/es\/wp-json\/wp\/v2\/comments?post=973"}],"version-history":[{"count":20,"href":"https:\/\/elbaobab.cat\/es\/wp-json\/wp\/v2\/pages\/973\/revisions"}],"predecessor-version":[{"id":1195,"href":"https:\/\/elbaobab.cat\/es\/wp-json\/wp\/v2\/pages\/973\/revisions\/1195"}],"wp:attachment":[{"href":"https:\/\/elbaobab.cat\/es\/wp-json\/wp\/v2\/media?parent=973"}],"curies":[{"name":"wp","href":"https:\/\/api.w.org\/{rel}","templated":true}]}}